{"id":155,"date":"2023-02-13T19:02:57","date_gmt":"2023-02-13T18:02:57","guid":{"rendered":"http:\/\/alexandra-kromus.at\/wordpress\/?page_id=155"},"modified":"2023-11-28T19:02:36","modified_gmt":"2023-11-28T18:02:36","slug":"impressum","status":"publish","type":"page","link":"http:\/\/alexandra-kromus.at\/wordpress\/impressum\/","title":{"rendered":"Impressum"},"content":{"rendered":"\n<p>ALEXANDRA KROMUS<\/p>\n\n\n\n<p>Wien<\/p>\n\n\n\n<p>Telefon: +43 6991 9258836<\/p>\n\n\n\n<p>Mail: <a href=\"mailto:alexandra@alexandra-kromus.at\" target=\"_blank\" rel=\"noreferrer noopener\">alexandra@alexandra-kromus.at<\/a><\/p>\n\n\n\n<p>UID: ATU58851013<\/p>\n\n\n\n<p>Haftungshinweis<br><br>Die bereitgestellten Informationen auf dieser Web Site wurden sorgf\u00e4ltig gepr\u00fcft und werden regelm\u00e4ssig aktualisiert. Jedoch kann keine Garantie daf\u00fcr \u00fcbernommen werden, dass alle Angaben zu jeder Zeit vollst\u00e4ndig, richtig und in letzter Aktualit\u00e4t dargestellt sind. Dies gilt insbesondere f\u00fcr alle Links zu anderen Websites, auf die direkt oder indirekt verwiesen wird. F\u00fcr den Inhalt der verlinkten Seiten sind ausschliesslich deren Betreiber verantwortlich.<\/p>\n\n\n\n<p>Datenschutzerkl\u00e4rung<br><br>Alle \u00fcber diese Webseite erhobenen Daten werden entsprechend der Grundlage des Bundesdatenschutzgesetzes und des Informations- und Kommunikationsdienstegesetzes behandelt. Eine Weitergabe von pers\u00f6nlichen Daten an Dritte ohne Ihre ausdr\u00fcckliche Einwilligung erfolgt nicht. F\u00fcr Text, Bild und Inhalt verantwortlich: Alexandra Kromus. Copyright 2023, alle Texte, Daten, Bilder. Alle Rechte vorbehalten. Letztes update November 2023.<\/p>\n","protected":false},"excerpt":{"rendered":"<p>ALEXANDRA KROMUS Wien Telefon: +43 6991 9258836 Mail: alexandra@alexandra-kromus.at UID: ATU58851013 Haftungshinweis Die bereitgestellten Informationen auf dieser Web Site wurden sorgf\u00e4ltig gepr\u00fcft und werden regelm\u00e4ssig aktualisiert. Jedoch kann keine Garantie daf\u00fcr \u00fcbernommen werden, dass alle Angaben zu jeder Zeit vollst\u00e4ndig, richtig und in letzter Aktualit\u00e4t dargestellt sind. Dies gilt insbesondere f\u00fcr alle Links zu anderen &hellip; <\/p>\n<p class=\"link-more\"><a href=\"http:\/\/alexandra-kromus.at\/wordpress\/impressum\/\" class=\"more-link\"><span class=\"screen-reader-text\">\u201eImpressum\u201c<\/span> weiterlesen<\/a><\/p>\n","protected":false},"author":1,"featured_media":0,"parent":0,"menu_order":0,"comment_status":"closed","ping_status":"closed","template":"","meta":[],"_links":{"self":[{"href":"http:\/\/alexandra-kromus.at\/wordpress\/wp-json\/wp\/v2\/pages\/155"}],"collection":[{"href":"http:\/\/alexandra-kromus.at\/wordpress\/wp-json\/wp\/v2\/pages"}],"about":[{"href":"http:\/\/alexandra-kromus.at\/wordpress\/wp-json\/wp\/v2\/types\/page"}],"author":[{"embeddable":true,"href":"http:\/\/alexandra-kromus.at\/wordpress\/wp-json\/wp\/v2\/users\/1"}],"replies":[{"embeddable":true,"href":"http:\/\/alexandra-kromus.at\/wordpress\/wp-json\/wp\/v2\/comments?post=155"}],"version-history":[{"count":5,"href":"http:\/\/alexandra-kromus.at\/wordpress\/wp-json\/wp\/v2\/pages\/155\/revisions"}],"predecessor-version":[{"id":160,"href":"http:\/\/alexandra-kromus.at\/wordpress\/wp-json\/wp\/v2\/pages\/155\/revisions\/160"}],"wp:attachment":[{"href":"http:\/\/alexandra-kromus.at\/wordpress\/wp-json\/wp\/v2\/media?parent=155"}],"curies":[{"name":"wp","href":"https:\/\/api.w.org\/{rel}","templated":true}]}}